{"id":3069,"date":"2023-11-19T17:12:49","date_gmt":"2023-11-19T16:12:49","guid":{"rendered":"https:\/\/maxilogy.sk\/?post_type=product&#038;p=3069"},"modified":"2024-03-19T12:31:08","modified_gmt":"2024-03-19T11:31:08","slug":"principy-systemickej-prace","status":"publish","type":"product","link":"https:\/\/maxilogy.sk\/en\/produkt\/principy-systemickej-prace\/","title":{"rendered":"Princ\u00edpy systemickej pr\u00e1ce"},"content":{"rendered":"<p>Systemick\u00e1 pr\u00e1ca nie je ur\u010den\u00e1 iba t\u00fdm, ktor\u00ed si na vizitku p\u00ed\u0161u kou\u010d, poradca, terapeut. To sme v istom zmysle v\u0161etci. Len to naz\u00fdvame inak, napr\u00edklad &#8211; rodi\u010d, u\u010dite\u013e, podnikate\u013e, mana\u017e\u00e9r, priate\u013e&#8230; S\u00fa\u010das\u0165ou ka\u017ed\u00e9ho syst\u00e9mu s\u00fa \u013eudia, vzorce spr\u00e1vania a aj traumy. Systemick\u00fd pr\u00edstup pon\u00faka znalosti, postupy a \u0161trukt\u00faru, ako nar\u00e1ba\u0165 s ru\u0161iv\u00fdmi prejavmi syst\u00e9mu. V tejto knihe sa dozviete, ako m\u00f4\u017eeme systemick\u00fa pr\u00e1cu uplatni\u0165 aj po\u010das be\u017en\u00fdch rozhovorov, pracovn\u00fdch stretnut\u00ed a v rodine. T\u00e1to publik\u00e1cia pon\u00faka aj zoznam viac ako 40 be\u017en\u00fdch sympt\u00f3mov v syst\u00e9me, napr\u00edklad ak\u00e9 s\u00fa pr\u00ed\u010diny a n\u00e1sledky potratu, podvodu alebo z\u00e1vislosti. A ako vhodne intervenova\u0165?<\/p>\n<p>Autori Jan Jacob Stam a Bibi Schreuder s\u00fa priekopn\u00edci v systemickom kou\u010dingu a pou\u017e\u00edvan\u00ed systemick\u00fdch princ\u00edpov.<\/p>\n","protected":false},"excerpt":{"rendered":"<p>Publik\u00e1cia od zakladate\u013eov Holandsk\u00e9ho in\u0161tit\u00fatu Berta Hellingera, ktorej origin\u00e1lny n\u00e1zov je &#8220;Systemick\u00fd kou\u010ding &#8211; systemick\u00e1 pr\u00e1ca bez pou\u017eitia kon\u0161tel\u00e1ci\u00ed&#8221;.<br \/>\nAutori v nej popisuj\u00fa z\u00e1kladn\u00fd teoretick\u00fd r\u00e1mec systemickej pr\u00e1ce vych\u00e1dzaj\u00facej z pr\u00e1ce Berta Hellingera. Te\u00f3ria je doplnen\u00e1 jednoduch\u00fdmi praktick\u00fdmi pr\u00edkladmi a cvi\u010deniami.<\/p>\n","protected":false},"featured_media":3070,"comment_status":"closed","ping_status":"closed","template":"","meta":{"_acf_changed":false},"product_brand":[],"product_cat":[52],"product_tag":[],"class_list":{"0":"post-3069","1":"product","2":"type-product","3":"status-publish","4":"has-post-thumbnail","6":"product_cat-nezaradene","8":"first","9":"instock","10":"shipping-taxable","11":"purchasable","12":"product-type-simple"},"acf":[],"yoast_head":"<!-- This site is optimized with the Yoast SEO plugin v24.9 - https:\/\/yoast.com\/wordpress\/plugins\/seo\/ -->\n<title>Princ\u00edpy systemickej pr\u00e1ce - Maxilogy<\/title>\n<meta name=\"robots\" content=\"index, follow, max-snippet:-1, max-image-preview:large, max-video-preview:-1\" \/>\n<link rel=\"canonical\" href=\"https:\/\/maxilogy.sk\/en\/produkt\/principy-systemickej-prace\/\" \/>\n<meta property=\"og:locale\" content=\"en_US\" \/>\n<meta property=\"og:type\" content=\"article\" \/>\n<meta property=\"og:title\" content=\"Princ\u00edpy systemickej pr\u00e1ce - Maxilogy\" \/>\n<meta property=\"og:description\" content=\"Publik\u00e1cia od zakladate\u013eov Holandsk\u00e9ho in\u0161tit\u00fatu Berta Hellingera, ktorej origin\u00e1lny n\u00e1zov je &quot;Systemick\u00fd kou\u010ding - systemick\u00e1 pr\u00e1ca bez pou\u017eitia kon\u0161tel\u00e1ci\u00ed&quot;. Autori v nej popisuj\u00fa z\u00e1kladn\u00fd teoretick\u00fd r\u00e1mec systemickej pr\u00e1ce vych\u00e1dzaj\u00facej z pr\u00e1ce Berta Hellingera. Te\u00f3ria je doplnen\u00e1 jednoduch\u00fdmi praktick\u00fdmi pr\u00edkladmi a cvi\u010deniami.\" \/>\n<meta property=\"og:url\" content=\"https:\/\/maxilogy.sk\/en\/produkt\/principy-systemickej-prace\/\" \/>\n<meta property=\"og:site_name\" content=\"Maxilogy\" \/>\n<meta property=\"article:publisher\" content=\"https:\/\/www.facebook.com\/maxilogy\/\" \/>\n<meta property=\"article:modified_time\" content=\"2024-03-19T11:31:08+00:00\" \/>\n<meta property=\"og:image\" content=\"https:\/\/maxilogy.sk\/wp-content\/uploads\/2024\/01\/kniha-scaled.jpeg\" \/>\n\t<meta property=\"og:image:width\" content=\"2560\" \/>\n\t<meta property=\"og:image:height\" content=\"1440\" \/>\n\t<meta property=\"og:image:type\" content=\"image\/jpeg\" \/>\n<meta name=\"twitter:card\" content=\"summary_large_image\" \/>\n<meta name=\"twitter:label1\" content=\"Est. reading time\" \/>\n\t<meta name=\"twitter:data1\" content=\"1 minute\" \/>\n<script type=\"application\/ld+json\" class=\"yoast-schema-graph\">{\"@context\":\"https:\/\/schema.org\",\"@graph\":[{\"@type\":\"WebPage\",\"@id\":\"https:\/\/maxilogy.sk\/en\/produkt\/principy-systemickej-prace\/\",\"url\":\"https:\/\/maxilogy.sk\/en\/produkt\/principy-systemickej-prace\/\",\"name\":\"Princ\u00edpy systemickej pr\u00e1ce - Maxilogy\",\"isPartOf\":{\"@id\":\"https:\/\/maxilogy.sk\/#website\"},\"primaryImageOfPage\":{\"@id\":\"https:\/\/maxilogy.sk\/en\/produkt\/principy-systemickej-prace\/#primaryimage\"},\"image\":{\"@id\":\"https:\/\/maxilogy.sk\/en\/produkt\/principy-systemickej-prace\/#primaryimage\"},\"thumbnailUrl\":\"https:\/\/maxilogy.sk\/wp-content\/uploads\/2024\/01\/kniha-scaled.jpeg\",\"datePublished\":\"2023-11-19T16:12:49+00:00\",\"dateModified\":\"2024-03-19T11:31:08+00:00\",\"breadcrumb\":{\"@id\":\"https:\/\/maxilogy.sk\/en\/produkt\/principy-systemickej-prace\/#breadcrumb\"},\"inLanguage\":\"en-US\",\"potentialAction\":[{\"@type\":\"ReadAction\",\"target\":[\"https:\/\/maxilogy.sk\/en\/produkt\/principy-systemickej-prace\/\"]}]},{\"@type\":\"ImageObject\",\"inLanguage\":\"en-US\",\"@id\":\"https:\/\/maxilogy.sk\/en\/produkt\/principy-systemickej-prace\/#primaryimage\",\"url\":\"https:\/\/maxilogy.sk\/wp-content\/uploads\/2024\/01\/kniha-scaled.jpeg\",\"contentUrl\":\"https:\/\/maxilogy.sk\/wp-content\/uploads\/2024\/01\/kniha-scaled.jpeg\",\"width\":2560,\"height\":1440},{\"@type\":\"BreadcrumbList\",\"@id\":\"https:\/\/maxilogy.sk\/en\/produkt\/principy-systemickej-prace\/#breadcrumb\",\"itemListElement\":[{\"@type\":\"ListItem\",\"position\":1,\"name\":\"Home\",\"item\":\"https:\/\/maxilogy.sk\/en\/\"},{\"@type\":\"ListItem\",\"position\":2,\"name\":\"Produkty\",\"item\":\"https:\/\/maxilogy.sk\/shop\/\"},{\"@type\":\"ListItem\",\"position\":3,\"name\":\"Princ\u00edpy systemickej pr\u00e1ce\"}]},{\"@type\":\"WebSite\",\"@id\":\"https:\/\/maxilogy.sk\/#website\",\"url\":\"https:\/\/maxilogy.sk\/\",\"name\":\"Maxilogy\",\"description\":\"\",\"publisher\":{\"@id\":\"https:\/\/maxilogy.sk\/#organization\"},\"potentialAction\":[{\"@type\":\"SearchAction\",\"target\":{\"@type\":\"EntryPoint\",\"urlTemplate\":\"https:\/\/maxilogy.sk\/?s={search_term_string}\"},\"query-input\":{\"@type\":\"PropertyValueSpecification\",\"valueRequired\":true,\"valueName\":\"search_term_string\"}}],\"inLanguage\":\"en-US\"},{\"@type\":\"Organization\",\"@id\":\"https:\/\/maxilogy.sk\/#organization\",\"name\":\"Maxilogy\",\"url\":\"https:\/\/maxilogy.sk\/\",\"logo\":{\"@type\":\"ImageObject\",\"inLanguage\":\"en-US\",\"@id\":\"https:\/\/maxilogy.sk\/#\/schema\/logo\/image\/\",\"url\":\"https:\/\/maxilogy.sk\/wp-content\/uploads\/2019\/09\/maxilogy-web.png\",\"contentUrl\":\"https:\/\/maxilogy.sk\/wp-content\/uploads\/2019\/09\/maxilogy-web.png\",\"width\":218,\"height\":48,\"caption\":\"Maxilogy\"},\"image\":{\"@id\":\"https:\/\/maxilogy.sk\/#\/schema\/logo\/image\/\"},\"sameAs\":[\"https:\/\/www.facebook.com\/maxilogy\/\",\"https:\/\/sk.linkedin.com\/in\/petra-fuskova-founder-strengths-and-systemic-coach-pcc-icf-07513b61\",\"https:\/\/sk.linkedin.com\/in\/daniela-sovinec-mba-pcc-strengths-and-systemic-coach-b34196127\"]}]}<\/script>\n<!-- \/ Yoast SEO plugin. -->","yoast_head_json":{"title":"Princ\u00edpy systemickej pr\u00e1ce - Maxilogy","robots":{"index":"index","follow":"follow","max-snippet":"max-snippet:-1","max-image-preview":"max-image-preview:large","max-video-preview":"max-video-preview:-1"},"canonical":"https:\/\/maxilogy.sk\/en\/produkt\/principy-systemickej-prace\/","og_locale":"en_US","og_type":"article","og_title":"Princ\u00edpy systemickej pr\u00e1ce - Maxilogy","og_description":"Publik\u00e1cia od zakladate\u013eov Holandsk\u00e9ho in\u0161tit\u00fatu Berta Hellingera, ktorej origin\u00e1lny n\u00e1zov je \"Systemick\u00fd kou\u010ding - systemick\u00e1 pr\u00e1ca bez pou\u017eitia kon\u0161tel\u00e1ci\u00ed\". Autori v nej popisuj\u00fa z\u00e1kladn\u00fd teoretick\u00fd r\u00e1mec systemickej pr\u00e1ce vych\u00e1dzaj\u00facej z pr\u00e1ce Berta Hellingera. Te\u00f3ria je doplnen\u00e1 jednoduch\u00fdmi praktick\u00fdmi pr\u00edkladmi a cvi\u010deniami.","og_url":"https:\/\/maxilogy.sk\/en\/produkt\/principy-systemickej-prace\/","og_site_name":"Maxilogy","article_publisher":"https:\/\/www.facebook.com\/maxilogy\/","article_modified_time":"2024-03-19T11:31:08+00:00","og_image":[{"width":2560,"height":1440,"url":"https:\/\/maxilogy.sk\/wp-content\/uploads\/2024\/01\/kniha-scaled.jpeg","type":"image\/jpeg"}],"twitter_card":"summary_large_image","twitter_misc":{"Est. reading time":"1 minute"},"schema":{"@context":"https:\/\/schema.org","@graph":[{"@type":"WebPage","@id":"https:\/\/maxilogy.sk\/en\/produkt\/principy-systemickej-prace\/","url":"https:\/\/maxilogy.sk\/en\/produkt\/principy-systemickej-prace\/","name":"Princ\u00edpy systemickej pr\u00e1ce - Maxilogy","isPartOf":{"@id":"https:\/\/maxilogy.sk\/#website"},"primaryImageOfPage":{"@id":"https:\/\/maxilogy.sk\/en\/produkt\/principy-systemickej-prace\/#primaryimage"},"image":{"@id":"https:\/\/maxilogy.sk\/en\/produkt\/principy-systemickej-prace\/#primaryimage"},"thumbnailUrl":"https:\/\/maxilogy.sk\/wp-content\/uploads\/2024\/01\/kniha-scaled.jpeg","datePublished":"2023-11-19T16:12:49+00:00","dateModified":"2024-03-19T11:31:08+00:00","breadcrumb":{"@id":"https:\/\/maxilogy.sk\/en\/produkt\/principy-systemickej-prace\/#breadcrumb"},"inLanguage":"en-US","potentialAction":[{"@type":"ReadAction","target":["https:\/\/maxilogy.sk\/en\/produkt\/principy-systemickej-prace\/"]}]},{"@type":"ImageObject","inLanguage":"en-US","@id":"https:\/\/maxilogy.sk\/en\/produkt\/principy-systemickej-prace\/#primaryimage","url":"https:\/\/maxilogy.sk\/wp-content\/uploads\/2024\/01\/kniha-scaled.jpeg","contentUrl":"https:\/\/maxilogy.sk\/wp-content\/uploads\/2024\/01\/kniha-scaled.jpeg","width":2560,"height":1440},{"@type":"BreadcrumbList","@id":"https:\/\/maxilogy.sk\/en\/produkt\/principy-systemickej-prace\/#breadcrumb","itemListElement":[{"@type":"ListItem","position":1,"name":"Home","item":"https:\/\/maxilogy.sk\/en\/"},{"@type":"ListItem","position":2,"name":"Produkty","item":"https:\/\/maxilogy.sk\/shop\/"},{"@type":"ListItem","position":3,"name":"Princ\u00edpy systemickej pr\u00e1ce"}]},{"@type":"WebSite","@id":"https:\/\/maxilogy.sk\/#website","url":"https:\/\/maxilogy.sk\/","name":"Maxilogy","description":"","publisher":{"@id":"https:\/\/maxilogy.sk\/#organization"},"potentialAction":[{"@type":"SearchAction","target":{"@type":"EntryPoint","urlTemplate":"https:\/\/maxilogy.sk\/?s={search_term_string}"},"query-input":{"@type":"PropertyValueSpecification","valueRequired":true,"valueName":"search_term_string"}}],"inLanguage":"en-US"},{"@type":"Organization","@id":"https:\/\/maxilogy.sk\/#organization","name":"Maxilogy","url":"https:\/\/maxilogy.sk\/","logo":{"@type":"ImageObject","inLanguage":"en-US","@id":"https:\/\/maxilogy.sk\/#\/schema\/logo\/image\/","url":"https:\/\/maxilogy.sk\/wp-content\/uploads\/2019\/09\/maxilogy-web.png","contentUrl":"https:\/\/maxilogy.sk\/wp-content\/uploads\/2019\/09\/maxilogy-web.png","width":218,"height":48,"caption":"Maxilogy"},"image":{"@id":"https:\/\/maxilogy.sk\/#\/schema\/logo\/image\/"},"sameAs":["https:\/\/www.facebook.com\/maxilogy\/","https:\/\/sk.linkedin.com\/in\/petra-fuskova-founder-strengths-and-systemic-coach-pcc-icf-07513b61","https:\/\/sk.linkedin.com\/in\/daniela-sovinec-mba-pcc-strengths-and-systemic-coach-b34196127"]}]}},"_links":{"self":[{"href":"https:\/\/maxilogy.sk\/en\/wp-json\/wp\/v2\/product\/3069","targetHints":{"allow":["GET"]}}],"collection":[{"href":"https:\/\/maxilogy.sk\/en\/wp-json\/wp\/v2\/product"}],"about":[{"href":"https:\/\/maxilogy.sk\/en\/wp-json\/wp\/v2\/types\/product"}],"replies":[{"embeddable":true,"href":"https:\/\/maxilogy.sk\/en\/wp-json\/wp\/v2\/comments?post=3069"}],"wp:featuredmedia":[{"embeddable":true,"href":"https:\/\/maxilogy.sk\/en\/wp-json\/wp\/v2\/media\/3070"}],"wp:attachment":[{"href":"https:\/\/maxilogy.sk\/en\/wp-json\/wp\/v2\/media?parent=3069"}],"wp:term":[{"taxonomy":"product_brand","embeddable":true,"href":"https:\/\/maxilogy.sk\/en\/wp-json\/wp\/v2\/product_brand?post=3069"},{"taxonomy":"product_cat","embeddable":true,"href":"https:\/\/maxilogy.sk\/en\/wp-json\/wp\/v2\/product_cat?post=3069"},{"taxonomy":"product_tag","embeddable":true,"href":"https:\/\/maxilogy.sk\/en\/wp-json\/wp\/v2\/product_tag?post=3069"}],"curies":[{"name":"wp","href":"https:\/\/api.w.org\/{rel}","templated":true}]}}