{"id":2472,"date":"2023-11-22T13:47:50","date_gmt":"2023-11-22T12:47:50","guid":{"rendered":"https:\/\/new.maxilogy.sk\/?post_type=product&#038;p=2472"},"modified":"2024-07-04T21:01:59","modified_gmt":"2024-07-04T19:01:59","slug":"timy-pribeh-lasky","status":"publish","type":"product","link":"https:\/\/maxilogy.sk\/en\/produkt\/timy-pribeh-lasky\/","title":{"rendered":"T\u00edmy&#8230; pr\u00edbeh l\u00e1sky"},"content":{"rendered":"<p>Ne\u010dakajte u\u010debnicu systemiky, ale sk\u00f4r kompaktn\u00fa knihu postrehov o t\u00edmoch ako \u017eiv\u00fdch bytostiach. Tie niekedy urobia \u00faplne in\u00fd pohyb, ako chc\u00fa \u010dlenovia t\u00edmu. V knihe si pre\u010d\u00edtate aj o tom, s ak\u00fdmi vzorcami spr\u00e1vania a dynamikou sa m\u00f4\u017eete stretn\u00fa\u0165 v t\u00edmoch a ak\u00e9 intervencie m\u00f4\u017eete urobi\u0165 aj bez toho, aby ste boli tr\u00e9novan\u00ed v pr\u00e1ci s t\u00edmom ako so syst\u00e9mom.<br \/>\nPravdepodobne sa aj vy ob\u010das ocitnete s t\u00edmom v slepej uli\u010dke alebo v\u00e1hate, ak\u00fd krok urobi\u0165. V\u0161etci sme predsa \u013eudia. V tejto knihe v\u00e1s Jan Jacob poz\u00fdva, aby ste na\u0161li odpove\u010f na ot\u00e1zku: \u010co treba v t\u00edme urobi\u0165, kde je jeho potenci\u00e1l?<\/p>\n<p>Jan Jacob priv\u00e1dza \u013eud\u00ed a t\u00edmy do kontaktu s ich pln\u00fdm potenci\u00e1lom. Systemickej pr\u00e1ci sa venuje od roku 1996 a v s\u00fa\u010dasnosti pracuje s mnoh\u00fdmi t\u00edmami a organiz\u00e1ciami vo viac ako \u0161tyridsiatich krajin\u00e1ch. Rozumom a srdcom sa sna\u017e\u00ed pochopi\u0165 a c\u00edti\u0165, ako funguj\u00fa. A najm\u00e4 to, \u010do potrebuj\u00fa tieto \u017eiv\u00e9 syst\u00e9my na to, aby mohli nap\u013a\u0148a\u0165 svoje poslanie.<\/p>\n","protected":false},"excerpt":{"rendered":"<p>T\u00e1to kniha je tu pre v\u00e1s a t\u00edmy, ktor\u00fdch ste s\u00fa\u010das\u0165ou. Jan Jacob chce v tejto svojej u\u017e siedmej knihe roz\u0161irova\u0165 obzory. Jej obsah je prirodzenou nadstavbou k v\u0161etk\u00e9mu, \u010do o t\u00edmoch u\u017e viete. V\u010faka knihe m\u00f4\u017eete n\u00e1js\u0165 nov\u00e9 mo\u017enosti, n\u00e1js\u0165 nie\u010do, \u010do ste predt\u00fdm nevideli. Nie\u010do, \u010do v\u00e1s napln\u00ed novou in\u0161pir\u00e1ciou a energiou. Nie\u010do, s \u010d\u00edm m\u00f4\u017eete vy alebo v\u00e1\u0161 t\u00edm \u010falej pracova\u0165.<\/p>\n","protected":false},"featured_media":2473,"comment_status":"closed","ping_status":"closed","template":"","meta":{"_acf_changed":false},"product_brand":[],"product_cat":[52],"product_tag":[],"class_list":{"0":"post-2472","1":"product","2":"type-product","3":"status-publish","4":"has-post-thumbnail","6":"product_cat-nezaradene","8":"first","9":"instock","10":"shipping-taxable","11":"purchasable","12":"product-type-simple"},"acf":[],"yoast_head":"<!-- This site is optimized with the Yoast SEO plugin v24.9 - https:\/\/yoast.com\/wordpress\/plugins\/seo\/ -->\n<title>T\u00edmy... pr\u00edbeh l\u00e1sky - Maxilogy<\/title>\n<meta name=\"robots\" content=\"index, follow, max-snippet:-1, max-image-preview:large, max-video-preview:-1\" \/>\n<link rel=\"canonical\" href=\"https:\/\/maxilogy.sk\/produkt\/timy-pribeh-lasky\/\" \/>\n<meta property=\"og:locale\" content=\"en_US\" \/>\n<meta property=\"og:type\" content=\"article\" \/>\n<meta property=\"og:title\" content=\"T\u00edmy... pr\u00edbeh l\u00e1sky - Maxilogy\" \/>\n<meta property=\"og:description\" content=\"T\u00e1to kniha je tu pre v\u00e1s a t\u00edmy, ktor\u00fdch ste s\u00fa\u010das\u0165ou. Jan Jacob chce v tejto svojej u\u017e siedmej knihe roz\u0161irova\u0165 obzory. Jej obsah je prirodzenou nadstavbou k v\u0161etk\u00e9mu, \u010do o t\u00edmoch u\u017e viete. V\u010faka knihe m\u00f4\u017eete n\u00e1js\u0165 nov\u00e9 mo\u017enosti, n\u00e1js\u0165 nie\u010do, \u010do ste predt\u00fdm nevideli. Nie\u010do, \u010do v\u00e1s napln\u00ed novou in\u0161pir\u00e1ciou a energiou. Nie\u010do, s \u010d\u00edm m\u00f4\u017eete vy alebo v\u00e1\u0161 t\u00edm \u010falej pracova\u0165.\" \/>\n<meta property=\"og:url\" content=\"https:\/\/maxilogy.sk\/produkt\/timy-pribeh-lasky\/\" \/>\n<meta property=\"og:site_name\" content=\"Maxilogy\" \/>\n<meta property=\"article:publisher\" content=\"https:\/\/www.facebook.com\/maxilogy\/\" \/>\n<meta property=\"article:modified_time\" content=\"2024-07-04T19:01:59+00:00\" \/>\n<meta property=\"og:image\" content=\"https:\/\/maxilogy.sk\/wp-content\/uploads\/2023\/11\/obalka-mockup1-scaled-e1700487931379-1.jpg\" \/>\n\t<meta property=\"og:image:width\" content=\"2560\" \/>\n\t<meta property=\"og:image:height\" content=\"2560\" \/>\n\t<meta property=\"og:image:type\" content=\"image\/jpeg\" \/>\n<meta name=\"twitter:card\" content=\"summary_large_image\" \/>\n<meta name=\"twitter:label1\" content=\"Est. reading time\" \/>\n\t<meta name=\"twitter:data1\" content=\"1 minute\" \/>\n<script type=\"application\/ld+json\" class=\"yoast-schema-graph\">{\"@context\":\"https:\/\/schema.org\",\"@graph\":[{\"@type\":\"WebPage\",\"@id\":\"https:\/\/maxilogy.sk\/produkt\/timy-pribeh-lasky\/\",\"url\":\"https:\/\/maxilogy.sk\/produkt\/timy-pribeh-lasky\/\",\"name\":\"T\u00edmy... pr\u00edbeh l\u00e1sky - Maxilogy\",\"isPartOf\":{\"@id\":\"https:\/\/maxilogy.sk\/#website\"},\"primaryImageOfPage\":{\"@id\":\"https:\/\/maxilogy.sk\/produkt\/timy-pribeh-lasky\/#primaryimage\"},\"image\":{\"@id\":\"https:\/\/maxilogy.sk\/produkt\/timy-pribeh-lasky\/#primaryimage\"},\"thumbnailUrl\":\"https:\/\/maxilogy.sk\/wp-content\/uploads\/2023\/11\/obalka-mockup1-scaled-e1700487931379-1.jpg\",\"datePublished\":\"2023-11-22T12:47:50+00:00\",\"dateModified\":\"2024-07-04T19:01:59+00:00\",\"breadcrumb\":{\"@id\":\"https:\/\/maxilogy.sk\/produkt\/timy-pribeh-lasky\/#breadcrumb\"},\"inLanguage\":\"en-US\",\"potentialAction\":[{\"@type\":\"ReadAction\",\"target\":[\"https:\/\/maxilogy.sk\/produkt\/timy-pribeh-lasky\/\"]}]},{\"@type\":\"ImageObject\",\"inLanguage\":\"en-US\",\"@id\":\"https:\/\/maxilogy.sk\/produkt\/timy-pribeh-lasky\/#primaryimage\",\"url\":\"https:\/\/maxilogy.sk\/wp-content\/uploads\/2023\/11\/obalka-mockup1-scaled-e1700487931379-1.jpg\",\"contentUrl\":\"https:\/\/maxilogy.sk\/wp-content\/uploads\/2023\/11\/obalka-mockup1-scaled-e1700487931379-1.jpg\",\"width\":2560,\"height\":2560},{\"@type\":\"BreadcrumbList\",\"@id\":\"https:\/\/maxilogy.sk\/produkt\/timy-pribeh-lasky\/#breadcrumb\",\"itemListElement\":[{\"@type\":\"ListItem\",\"position\":1,\"name\":\"Home\",\"item\":\"https:\/\/maxilogy.sk\/en\/\"},{\"@type\":\"ListItem\",\"position\":2,\"name\":\"Produkty\",\"item\":\"https:\/\/maxilogy.sk\/shop\/\"},{\"@type\":\"ListItem\",\"position\":3,\"name\":\"T\u00edmy&#8230; pr\u00edbeh l\u00e1sky\"}]},{\"@type\":\"WebSite\",\"@id\":\"https:\/\/maxilogy.sk\/#website\",\"url\":\"https:\/\/maxilogy.sk\/\",\"name\":\"Maxilogy\",\"description\":\"\",\"publisher\":{\"@id\":\"https:\/\/maxilogy.sk\/#organization\"},\"potentialAction\":[{\"@type\":\"SearchAction\",\"target\":{\"@type\":\"EntryPoint\",\"urlTemplate\":\"https:\/\/maxilogy.sk\/?s={search_term_string}\"},\"query-input\":{\"@type\":\"PropertyValueSpecification\",\"valueRequired\":true,\"valueName\":\"search_term_string\"}}],\"inLanguage\":\"en-US\"},{\"@type\":\"Organization\",\"@id\":\"https:\/\/maxilogy.sk\/#organization\",\"name\":\"Maxilogy\",\"url\":\"https:\/\/maxilogy.sk\/\",\"logo\":{\"@type\":\"ImageObject\",\"inLanguage\":\"en-US\",\"@id\":\"https:\/\/maxilogy.sk\/#\/schema\/logo\/image\/\",\"url\":\"https:\/\/maxilogy.sk\/wp-content\/uploads\/2019\/09\/maxilogy-web.png\",\"contentUrl\":\"https:\/\/maxilogy.sk\/wp-content\/uploads\/2019\/09\/maxilogy-web.png\",\"width\":218,\"height\":48,\"caption\":\"Maxilogy\"},\"image\":{\"@id\":\"https:\/\/maxilogy.sk\/#\/schema\/logo\/image\/\"},\"sameAs\":[\"https:\/\/www.facebook.com\/maxilogy\/\",\"https:\/\/sk.linkedin.com\/in\/petra-fuskova-founder-strengths-and-systemic-coach-pcc-icf-07513b61\",\"https:\/\/sk.linkedin.com\/in\/daniela-sovinec-mba-pcc-strengths-and-systemic-coach-b34196127\"]}]}<\/script>\n<!-- \/ Yoast SEO plugin. -->","yoast_head_json":{"title":"T\u00edmy... pr\u00edbeh l\u00e1sky - Maxilogy","robots":{"index":"index","follow":"follow","max-snippet":"max-snippet:-1","max-image-preview":"max-image-preview:large","max-video-preview":"max-video-preview:-1"},"canonical":"https:\/\/maxilogy.sk\/produkt\/timy-pribeh-lasky\/","og_locale":"en_US","og_type":"article","og_title":"T\u00edmy... pr\u00edbeh l\u00e1sky - Maxilogy","og_description":"T\u00e1to kniha je tu pre v\u00e1s a t\u00edmy, ktor\u00fdch ste s\u00fa\u010das\u0165ou. Jan Jacob chce v tejto svojej u\u017e siedmej knihe roz\u0161irova\u0165 obzory. Jej obsah je prirodzenou nadstavbou k v\u0161etk\u00e9mu, \u010do o t\u00edmoch u\u017e viete. V\u010faka knihe m\u00f4\u017eete n\u00e1js\u0165 nov\u00e9 mo\u017enosti, n\u00e1js\u0165 nie\u010do, \u010do ste predt\u00fdm nevideli. Nie\u010do, \u010do v\u00e1s napln\u00ed novou in\u0161pir\u00e1ciou a energiou. Nie\u010do, s \u010d\u00edm m\u00f4\u017eete vy alebo v\u00e1\u0161 t\u00edm \u010falej pracova\u0165.","og_url":"https:\/\/maxilogy.sk\/produkt\/timy-pribeh-lasky\/","og_site_name":"Maxilogy","article_publisher":"https:\/\/www.facebook.com\/maxilogy\/","article_modified_time":"2024-07-04T19:01:59+00:00","og_image":[{"width":2560,"height":2560,"url":"https:\/\/maxilogy.sk\/wp-content\/uploads\/2023\/11\/obalka-mockup1-scaled-e1700487931379-1.jpg","type":"image\/jpeg"}],"twitter_card":"summary_large_image","twitter_misc":{"Est. reading time":"1 minute"},"schema":{"@context":"https:\/\/schema.org","@graph":[{"@type":"WebPage","@id":"https:\/\/maxilogy.sk\/produkt\/timy-pribeh-lasky\/","url":"https:\/\/maxilogy.sk\/produkt\/timy-pribeh-lasky\/","name":"T\u00edmy... pr\u00edbeh l\u00e1sky - Maxilogy","isPartOf":{"@id":"https:\/\/maxilogy.sk\/#website"},"primaryImageOfPage":{"@id":"https:\/\/maxilogy.sk\/produkt\/timy-pribeh-lasky\/#primaryimage"},"image":{"@id":"https:\/\/maxilogy.sk\/produkt\/timy-pribeh-lasky\/#primaryimage"},"thumbnailUrl":"https:\/\/maxilogy.sk\/wp-content\/uploads\/2023\/11\/obalka-mockup1-scaled-e1700487931379-1.jpg","datePublished":"2023-11-22T12:47:50+00:00","dateModified":"2024-07-04T19:01:59+00:00","breadcrumb":{"@id":"https:\/\/maxilogy.sk\/produkt\/timy-pribeh-lasky\/#breadcrumb"},"inLanguage":"en-US","potentialAction":[{"@type":"ReadAction","target":["https:\/\/maxilogy.sk\/produkt\/timy-pribeh-lasky\/"]}]},{"@type":"ImageObject","inLanguage":"en-US","@id":"https:\/\/maxilogy.sk\/produkt\/timy-pribeh-lasky\/#primaryimage","url":"https:\/\/maxilogy.sk\/wp-content\/uploads\/2023\/11\/obalka-mockup1-scaled-e1700487931379-1.jpg","contentUrl":"https:\/\/maxilogy.sk\/wp-content\/uploads\/2023\/11\/obalka-mockup1-scaled-e1700487931379-1.jpg","width":2560,"height":2560},{"@type":"BreadcrumbList","@id":"https:\/\/maxilogy.sk\/produkt\/timy-pribeh-lasky\/#breadcrumb","itemListElement":[{"@type":"ListItem","position":1,"name":"Home","item":"https:\/\/maxilogy.sk\/en\/"},{"@type":"ListItem","position":2,"name":"Produkty","item":"https:\/\/maxilogy.sk\/shop\/"},{"@type":"ListItem","position":3,"name":"T\u00edmy&#8230; pr\u00edbeh l\u00e1sky"}]},{"@type":"WebSite","@id":"https:\/\/maxilogy.sk\/#website","url":"https:\/\/maxilogy.sk\/","name":"Maxilogy","description":"","publisher":{"@id":"https:\/\/maxilogy.sk\/#organization"},"potentialAction":[{"@type":"SearchAction","target":{"@type":"EntryPoint","urlTemplate":"https:\/\/maxilogy.sk\/?s={search_term_string}"},"query-input":{"@type":"PropertyValueSpecification","valueRequired":true,"valueName":"search_term_string"}}],"inLanguage":"en-US"},{"@type":"Organization","@id":"https:\/\/maxilogy.sk\/#organization","name":"Maxilogy","url":"https:\/\/maxilogy.sk\/","logo":{"@type":"ImageObject","inLanguage":"en-US","@id":"https:\/\/maxilogy.sk\/#\/schema\/logo\/image\/","url":"https:\/\/maxilogy.sk\/wp-content\/uploads\/2019\/09\/maxilogy-web.png","contentUrl":"https:\/\/maxilogy.sk\/wp-content\/uploads\/2019\/09\/maxilogy-web.png","width":218,"height":48,"caption":"Maxilogy"},"image":{"@id":"https:\/\/maxilogy.sk\/#\/schema\/logo\/image\/"},"sameAs":["https:\/\/www.facebook.com\/maxilogy\/","https:\/\/sk.linkedin.com\/in\/petra-fuskova-founder-strengths-and-systemic-coach-pcc-icf-07513b61","https:\/\/sk.linkedin.com\/in\/daniela-sovinec-mba-pcc-strengths-and-systemic-coach-b34196127"]}]}},"_links":{"self":[{"href":"https:\/\/maxilogy.sk\/en\/wp-json\/wp\/v2\/product\/2472","targetHints":{"allow":["GET"]}}],"collection":[{"href":"https:\/\/maxilogy.sk\/en\/wp-json\/wp\/v2\/product"}],"about":[{"href":"https:\/\/maxilogy.sk\/en\/wp-json\/wp\/v2\/types\/product"}],"replies":[{"embeddable":true,"href":"https:\/\/maxilogy.sk\/en\/wp-json\/wp\/v2\/comments?post=2472"}],"wp:featuredmedia":[{"embeddable":true,"href":"https:\/\/maxilogy.sk\/en\/wp-json\/wp\/v2\/media\/2473"}],"wp:attachment":[{"href":"https:\/\/maxilogy.sk\/en\/wp-json\/wp\/v2\/media?parent=2472"}],"wp:term":[{"taxonomy":"product_brand","embeddable":true,"href":"https:\/\/maxilogy.sk\/en\/wp-json\/wp\/v2\/product_brand?post=2472"},{"taxonomy":"product_cat","embeddable":true,"href":"https:\/\/maxilogy.sk\/en\/wp-json\/wp\/v2\/product_cat?post=2472"},{"taxonomy":"product_tag","embeddable":true,"href":"https:\/\/maxilogy.sk\/en\/wp-json\/wp\/v2\/product_tag?post=2472"}],"curies":[{"name":"wp","href":"https:\/\/api.w.org\/{rel}","templated":true}]}}