{"id":2759,"date":"2023-12-14T14:08:37","date_gmt":"2023-12-14T13:08:37","guid":{"rendered":"https:\/\/new.maxilogy.sk\/e-shop\/"},"modified":"2023-12-14T14:08:37","modified_gmt":"2023-12-14T13:08:37","slug":"e-shop","status":"publish","type":"page","link":"https:\/\/maxilogy.sk\/en\/e-shop\/","title":{"rendered":"E-shop"},"content":{"rendered":"\t\t<div data-elementor-type=\"wp-page\" data-elementor-id=\"2759\" class=\"elementor elementor-2759 elementor-2467\" data-elementor-post-type=\"page\">\n\t\t\t\t<div class=\"elementor-element elementor-element-10bb6b02 e-flex e-con-boxed e-con e-parent\" data-id=\"10bb6b02\" data-element_type=\"container\" data-settings=\"{&quot;background_background&quot;:&quot;classic&quot;}\">\n\t\t\t\t\t<div class=\"e-con-inner\">\n\t\t\t\t<div class=\"elementor-element elementor-element-49da4fa elementor-grid-3 elementor-grid-tablet-2 elementor-grid-mobile-1 elementor-products-grid elementor-wc-products elementor-show-pagination-border-yes elementor-widget elementor-widget-woocommerce-products\" data-id=\"49da4fa\" data-element_type=\"widget\" data-widget_type=\"woocommerce-products.default\">\n\t\t\t\t<div class=\"elementor-widget-container\">\n\t\t\t\t\t<div class=\"woocommerce columns-3 \"><div class=\"woocommerce-notices-wrapper\"><\/div><ul class=\"products elementor-grid columns-3\">\n<li class=\"product type-product post-2472 status-publish first instock product_cat-nezaradene has-post-thumbnail shipping-taxable purchasable product-type-simple\">\n\t<a href=\"https:\/\/maxilogy.sk\/en\/produkt\/timy-pribeh-lasky\/\" class=\"woocommerce-LoopProduct-link woocommerce-loop-product__link\"><img fetchpriority=\"high\" decoding=\"async\" width=\"300\" height=\"300\" src=\"https:\/\/maxilogy.sk\/wp-content\/uploads\/2023\/11\/obalka-mockup1-scaled-e1700487931379-1-300x300.jpg\" class=\"attachment-woocommerce_thumbnail size-woocommerce_thumbnail\" alt=\"T\u00edmy... pr\u00edbeh l\u00e1sky\" srcset=\"https:\/\/maxilogy.sk\/wp-content\/uploads\/2023\/11\/obalka-mockup1-scaled-e1700487931379-1-300x300.jpg 300w, https:\/\/maxilogy.sk\/wp-content\/uploads\/2023\/11\/obalka-mockup1-scaled-e1700487931379-1-1024x1024.jpg 1024w, https:\/\/maxilogy.sk\/wp-content\/uploads\/2023\/11\/obalka-mockup1-scaled-e1700487931379-1-150x150.jpg 150w, https:\/\/maxilogy.sk\/wp-content\/uploads\/2023\/11\/obalka-mockup1-scaled-e1700487931379-1-768x768.jpg 768w, https:\/\/maxilogy.sk\/wp-content\/uploads\/2023\/11\/obalka-mockup1-scaled-e1700487931379-1-1536x1536.jpg 1536w, https:\/\/maxilogy.sk\/wp-content\/uploads\/2023\/11\/obalka-mockup1-scaled-e1700487931379-1-2048x2048.jpg 2048w, https:\/\/maxilogy.sk\/wp-content\/uploads\/2023\/11\/obalka-mockup1-scaled-e1700487931379-1-600x600.jpg 600w, https:\/\/maxilogy.sk\/wp-content\/uploads\/2023\/11\/obalka-mockup1-scaled-e1700487931379-1-100x100.jpg 100w\" sizes=\"(max-width: 300px) 100vw, 300px\" \/><h2 class=\"woocommerce-loop-product__title\">T\u00edmy&#8230; pr\u00edbeh l\u00e1sky<\/h2>\n\t<span class=\"price\"><span class=\"woocommerce-Price-amount amount\"><bdi>21,00&nbsp;<span class=\"woocommerce-Price-currencySymbol\">&euro;<\/span><\/bdi><\/span><\/span>\n<\/a><a href=\"\/en\/wp-json\/wp\/v2\/pages\/2759?add-to-cart=2472\" aria-describedby=\"woocommerce_loop_add_to_cart_link_describedby_2472\" data-quantity=\"1\" class=\"button product_type_simple add_to_cart_button ajax_add_to_cart\" data-product_id=\"2472\" data-product_sku=\"\" aria-label=\"Add to cart: &ldquo;T\u00edmy... pr\u00edbeh l\u00e1sky&rdquo;\" rel=\"nofollow\" data-success_message=\"&ldquo;T\u00edmy... pr\u00edbeh l\u00e1sky&rdquo; has been added to your cart\" role=\"button\">Add to cart<\/a>\t<span id=\"woocommerce_loop_add_to_cart_link_describedby_2472\" class=\"screen-reader-text\">\n\t\t\t<\/span>\n<\/li>\n<li class=\"product type-product post-3069 status-publish instock product_cat-nezaradene has-post-thumbnail shipping-taxable purchasable product-type-simple\">\n\t<a href=\"https:\/\/maxilogy.sk\/en\/produkt\/principy-systemickej-prace\/\" class=\"woocommerce-LoopProduct-link woocommerce-loop-product__link\"><img decoding=\"async\" width=\"300\" height=\"300\" data-src=\"https:\/\/maxilogy.sk\/wp-content\/uploads\/2024\/01\/kniha-300x300.jpeg\" class=\"attachment-woocommerce_thumbnail size-woocommerce_thumbnail lazyload\" alt=\"Princ\u00edpy systemickej pr\u00e1ce\" data-srcset=\"https:\/\/maxilogy.sk\/wp-content\/uploads\/2024\/01\/kniha-300x300.jpeg 300w, https:\/\/maxilogy.sk\/wp-content\/uploads\/2024\/01\/kniha-150x150.jpeg 150w, https:\/\/maxilogy.sk\/wp-content\/uploads\/2024\/01\/kniha-100x100.jpeg 100w\" data-sizes=\"(max-width: 300px) 100vw, 300px\" src=\"data:image\/gif;base64,R0lGODlhAQABAAAAACH5BAEKAAEALAAAAAABAAEAAAICTAEAOw==\" style=\"--smush-placeholder-width: 300px; --smush-placeholder-aspect-ratio: 300\/300;\" \/><h2 class=\"woocommerce-loop-product__title\">Princ\u00edpy systemickej pr\u00e1ce<\/h2>\n\t<span class=\"price\"><span class=\"woocommerce-Price-amount amount\"><bdi>24,00&nbsp;<span class=\"woocommerce-Price-currencySymbol\">&euro;<\/span><\/bdi><\/span><\/span>\n<\/a><a href=\"\/en\/wp-json\/wp\/v2\/pages\/2759?add-to-cart=3069\" aria-describedby=\"woocommerce_loop_add_to_cart_link_describedby_3069\" data-quantity=\"1\" class=\"button product_type_simple add_to_cart_button ajax_add_to_cart\" data-product_id=\"3069\" data-product_sku=\"\" aria-label=\"Add to cart: &ldquo;Princ\u00edpy systemickej pr\u00e1ce&rdquo;\" rel=\"nofollow\" data-success_message=\"&ldquo;Princ\u00edpy systemickej pr\u00e1ce&rdquo; has been added to your cart\" role=\"button\">Add to cart<\/a>\t<span id=\"woocommerce_loop_add_to_cart_link_describedby_3069\" class=\"screen-reader-text\">\n\t\t\t<\/span>\n<\/li>\n<\/ul>\n<\/div>\t\t\t\t<\/div>\n\t\t\t\t<\/div>\n\t\t\t\t\t<\/div>\n\t\t\t\t<\/div>\n\t\t\t\t<\/div>\n\t\t","protected":false},"excerpt":{"rendered":"","protected":false},"author":2,"featured_media":0,"parent":0,"menu_order":0,"comment_status":"closed","ping_status":"closed","template":"","meta":{"_acf_changed":false,"footnotes":""},"class_list":["post-2759","page","type-page","status-publish","hentry"],"acf":[],"yoast_head":"<!-- This site is optimized with the Yoast SEO plugin v24.9 - https:\/\/yoast.com\/wordpress\/plugins\/seo\/ -->\n<title>E-shop - Maxilogy<\/title>\n<meta name=\"robots\" content=\"index, follow, max-snippet:-1, max-image-preview:large, max-video-preview:-1\" \/>\n<link rel=\"canonical\" href=\"https:\/\/maxilogy.sk\/en\/e-shop\/\" \/>\n<meta property=\"og:locale\" content=\"en_US\" \/>\n<meta property=\"og:type\" content=\"article\" \/>\n<meta property=\"og:title\" content=\"E-shop - Maxilogy\" \/>\n<meta property=\"og:url\" content=\"https:\/\/maxilogy.sk\/en\/e-shop\/\" \/>\n<meta property=\"og:site_name\" content=\"Maxilogy\" \/>\n<meta property=\"article:publisher\" content=\"https:\/\/www.facebook.com\/maxilogy\/\" \/>\n<meta name=\"twitter:card\" content=\"summary_large_image\" \/>\n<meta name=\"twitter:label1\" content=\"Est. reading time\" \/>\n\t<meta name=\"twitter:data1\" content=\"1 minute\" \/>\n<script type=\"application\/ld+json\" class=\"yoast-schema-graph\">{\"@context\":\"https:\/\/schema.org\",\"@graph\":[{\"@type\":\"WebPage\",\"@id\":\"https:\/\/maxilogy.sk\/en\/e-shop\/\",\"url\":\"https:\/\/maxilogy.sk\/en\/e-shop\/\",\"name\":\"E-shop - Maxilogy\",\"isPartOf\":{\"@id\":\"https:\/\/maxilogy.sk\/#website\"},\"datePublished\":\"2023-12-14T13:08:37+00:00\",\"breadcrumb\":{\"@id\":\"https:\/\/maxilogy.sk\/en\/e-shop\/#breadcrumb\"},\"inLanguage\":\"en-US\",\"potentialAction\":[{\"@type\":\"ReadAction\",\"target\":[\"https:\/\/maxilogy.sk\/en\/e-shop\/\"]}]},{\"@type\":\"BreadcrumbList\",\"@id\":\"https:\/\/maxilogy.sk\/en\/e-shop\/#breadcrumb\",\"itemListElement\":[{\"@type\":\"ListItem\",\"position\":1,\"name\":\"Home\",\"item\":\"https:\/\/maxilogy.sk\/en\/\"},{\"@type\":\"ListItem\",\"position\":2,\"name\":\"E-shop\"}]},{\"@type\":\"WebSite\",\"@id\":\"https:\/\/maxilogy.sk\/#website\",\"url\":\"https:\/\/maxilogy.sk\/\",\"name\":\"Maxilogy\",\"description\":\"\",\"publisher\":{\"@id\":\"https:\/\/maxilogy.sk\/#organization\"},\"potentialAction\":[{\"@type\":\"SearchAction\",\"target\":{\"@type\":\"EntryPoint\",\"urlTemplate\":\"https:\/\/maxilogy.sk\/?s={search_term_string}\"},\"query-input\":{\"@type\":\"PropertyValueSpecification\",\"valueRequired\":true,\"valueName\":\"search_term_string\"}}],\"inLanguage\":\"en-US\"},{\"@type\":\"Organization\",\"@id\":\"https:\/\/maxilogy.sk\/#organization\",\"name\":\"Maxilogy\",\"url\":\"https:\/\/maxilogy.sk\/\",\"logo\":{\"@type\":\"ImageObject\",\"inLanguage\":\"en-US\",\"@id\":\"https:\/\/maxilogy.sk\/#\/schema\/logo\/image\/\",\"url\":\"https:\/\/maxilogy.sk\/wp-content\/uploads\/2019\/09\/maxilogy-web.png\",\"contentUrl\":\"https:\/\/maxilogy.sk\/wp-content\/uploads\/2019\/09\/maxilogy-web.png\",\"width\":218,\"height\":48,\"caption\":\"Maxilogy\"},\"image\":{\"@id\":\"https:\/\/maxilogy.sk\/#\/schema\/logo\/image\/\"},\"sameAs\":[\"https:\/\/www.facebook.com\/maxilogy\/\",\"https:\/\/sk.linkedin.com\/in\/petra-fuskova-founder-strengths-and-systemic-coach-pcc-icf-07513b61\",\"https:\/\/sk.linkedin.com\/in\/daniela-sovinec-mba-pcc-strengths-and-systemic-coach-b34196127\"]}]}<\/script>\n<!-- \/ Yoast SEO plugin. -->","yoast_head_json":{"title":"E-shop - Maxilogy","robots":{"index":"index","follow":"follow","max-snippet":"max-snippet:-1","max-image-preview":"max-image-preview:large","max-video-preview":"max-video-preview:-1"},"canonical":"https:\/\/maxilogy.sk\/en\/e-shop\/","og_locale":"en_US","og_type":"article","og_title":"E-shop - Maxilogy","og_url":"https:\/\/maxilogy.sk\/en\/e-shop\/","og_site_name":"Maxilogy","article_publisher":"https:\/\/www.facebook.com\/maxilogy\/","twitter_card":"summary_large_image","twitter_misc":{"Est. reading time":"1 minute"},"schema":{"@context":"https:\/\/schema.org","@graph":[{"@type":"WebPage","@id":"https:\/\/maxilogy.sk\/en\/e-shop\/","url":"https:\/\/maxilogy.sk\/en\/e-shop\/","name":"E-shop - Maxilogy","isPartOf":{"@id":"https:\/\/maxilogy.sk\/#website"},"datePublished":"2023-12-14T13:08:37+00:00","breadcrumb":{"@id":"https:\/\/maxilogy.sk\/en\/e-shop\/#breadcrumb"},"inLanguage":"en-US","potentialAction":[{"@type":"ReadAction","target":["https:\/\/maxilogy.sk\/en\/e-shop\/"]}]},{"@type":"BreadcrumbList","@id":"https:\/\/maxilogy.sk\/en\/e-shop\/#breadcrumb","itemListElement":[{"@type":"ListItem","position":1,"name":"Home","item":"https:\/\/maxilogy.sk\/en\/"},{"@type":"ListItem","position":2,"name":"E-shop"}]},{"@type":"WebSite","@id":"https:\/\/maxilogy.sk\/#website","url":"https:\/\/maxilogy.sk\/","name":"Maxilogy","description":"","publisher":{"@id":"https:\/\/maxilogy.sk\/#organization"},"potentialAction":[{"@type":"SearchAction","target":{"@type":"EntryPoint","urlTemplate":"https:\/\/maxilogy.sk\/?s={search_term_string}"},"query-input":{"@type":"PropertyValueSpecification","valueRequired":true,"valueName":"search_term_string"}}],"inLanguage":"en-US"},{"@type":"Organization","@id":"https:\/\/maxilogy.sk\/#organization","name":"Maxilogy","url":"https:\/\/maxilogy.sk\/","logo":{"@type":"ImageObject","inLanguage":"en-US","@id":"https:\/\/maxilogy.sk\/#\/schema\/logo\/image\/","url":"https:\/\/maxilogy.sk\/wp-content\/uploads\/2019\/09\/maxilogy-web.png","contentUrl":"https:\/\/maxilogy.sk\/wp-content\/uploads\/2019\/09\/maxilogy-web.png","width":218,"height":48,"caption":"Maxilogy"},"image":{"@id":"https:\/\/maxilogy.sk\/#\/schema\/logo\/image\/"},"sameAs":["https:\/\/www.facebook.com\/maxilogy\/","https:\/\/sk.linkedin.com\/in\/petra-fuskova-founder-strengths-and-systemic-coach-pcc-icf-07513b61","https:\/\/sk.linkedin.com\/in\/daniela-sovinec-mba-pcc-strengths-and-systemic-coach-b34196127"]}]}},"_links":{"self":[{"href":"https:\/\/maxilogy.sk\/en\/wp-json\/wp\/v2\/pages\/2759","targetHints":{"allow":["GET"]}}],"collection":[{"href":"https:\/\/maxilogy.sk\/en\/wp-json\/wp\/v2\/pages"}],"about":[{"href":"https:\/\/maxilogy.sk\/en\/wp-json\/wp\/v2\/types\/page"}],"author":[{"embeddable":true,"href":"https:\/\/maxilogy.sk\/en\/wp-json\/wp\/v2\/users\/2"}],"replies":[{"embeddable":true,"href":"https:\/\/maxilogy.sk\/en\/wp-json\/wp\/v2\/comments?post=2759"}],"version-history":[{"count":1,"href":"https:\/\/maxilogy.sk\/en\/wp-json\/wp\/v2\/pages\/2759\/revisions"}],"predecessor-version":[{"id":2760,"href":"https:\/\/maxilogy.sk\/en\/wp-json\/wp\/v2\/pages\/2759\/revisions\/2760"}],"wp:attachment":[{"href":"https:\/\/maxilogy.sk\/en\/wp-json\/wp\/v2\/media?parent=2759"}],"curies":[{"name":"wp","href":"https:\/\/api.w.org\/{rel}","templated":true}]}}